{"id":231,"date":"2017-06-19T11:36:53","date_gmt":"2017-06-19T11:36:53","guid":{"rendered":"https:\/\/smartprosjekt.no\/?page_id=231"},"modified":"2021-12-07T07:26:06","modified_gmt":"2021-12-07T07:26:06","slug":"omm-os","status":"publish","type":"page","link":"https:\/\/smartprosjekt.no\/?page_id=231","title":{"rendered":"Om oss"},"content":{"rendered":"\t\t<div data-elementor-type=\"wp-page\" data-elementor-id=\"231\" class=\"elementor elementor-231\">\n\t\t\t\t\t\t<section class=\"elementor-section elementor-top-section elementor-element elementor-element-phwlcyh elementor-section-content-middle c-top elementor-section-boxed elementor-section-height-default elementor-section-height-default\" data-id=\"phwlcyh\" data-element_type=\"section\" data-e-type=\"section\">\n\t\t\t\t\t\t<div class=\"elementor-container elementor-column-gap-default\">\n\t\t\t\t\t<div class=\"elementor-column elementor-col-33 elementor-top-column elementor-element elementor-element-gnnkhmi elementor-sm-33\" data-id=\"gnnkhmi\" data-element_type=\"column\" data-e-type=\"column\">\n\t\t\t<div class=\"elementor-widget-wrap elementor-element-populated\">\n\t\t\t\t\t\t<div class=\"elementor-element elementor-element-pmctlht elementor-widget elementor-widget-image\" data-id=\"pmctlht\" data-element_type=\"widget\" data-e-type=\"widget\" data-widget_type=\"image.default\">\n\t\t\t\t<div class=\"elementor-widget-container\">\n\t\t\t\t\t\t\t\t\t\t\t\t\t\t\t\t<a href=\"http:\/\/smartprosjekt.no\/\">\n\t\t\t\t\t\t\t<img decoding=\"async\" width=\"1\" height=\"1\" src=\"https:\/\/smartprosjekt.no\/wp-content\/uploads\/2017\/04\/logo3.svg\" class=\"attachment-full size-full wp-image-228\" alt=\"\" sizes=\"100vw\" \/>\t\t\t\t\t\t\t\t<\/a>\n\t\t\t\t\t\t\t\t\t\t\t\t\t\t\t<\/div>\n\t\t\t\t<\/div>\n\t\t\t\t\t<\/div>\n\t\t<\/div>\n\t\t\t\t<div class=\"elementor-column elementor-col-66 elementor-top-column elementor-element elementor-element-sdllzcz elementor-sm-66 c-top__column\" data-id=\"sdllzcz\" data-element_type=\"column\" data-e-type=\"column\">\n\t\t\t<div class=\"elementor-widget-wrap elementor-element-populated\">\n\t\t\t\t\t\t<section class=\"elementor-section elementor-inner-section elementor-element elementor-element-qmdcmsj elementor-section-boxed elementor-section-height-default elementor-section-height-default\" data-id=\"qmdcmsj\" data-element_type=\"section\" data-e-type=\"section\">\n\t\t\t\t\t\t<div class=\"elementor-container elementor-column-gap-default\">\n\t\t\t\t\t<div class=\"elementor-column elementor-col-100 elementor-inner-column elementor-element elementor-element-lszurvq\" data-id=\"lszurvq\" data-element_type=\"column\" data-e-type=\"column\">\n\t\t\t<div class=\"elementor-widget-wrap elementor-element-populated\">\n\t\t\t\t\t\t<div class=\"elementor-element elementor-element-yrjvwhq js-habmurger-menu elementor-widget elementor-widget-wp-widget-nav_menu\" data-id=\"yrjvwhq\" data-element_type=\"widget\" data-e-type=\"widget\" data-widget_type=\"wp-widget-nav_menu.default\">\n\t\t\t\t<div class=\"elementor-widget-container\">\n\t\t\t\t\t<nav class=\"menu-top-menu-container\" aria-label=\"Menu\"><ul id=\"menu-top-menu\" class=\"menu\"><li id=\"menu-item-175\" class=\"menu-item menu-item-type-custom menu-item-object-custom menu-item-175\"><a href=\"\/\">Hjem<\/a><\/li>\n<li id=\"menu-item-265\" class=\"menu-item menu-item-type-post_type menu-item-object-page menu-item-265\"><a href=\"https:\/\/smartprosjekt.no\/?page_id=231\">Om oss<\/a><\/li>\n<li id=\"menu-item-264\" class=\"menu-item menu-item-type-post_type menu-item-object-page menu-item-264\"><a href=\"https:\/\/smartprosjekt.no\/?page_id=248\">Referanser<\/a><\/li>\n<li id=\"menu-item-226\" class=\"menu-item menu-item-type-post_type menu-item-object-page menu-item-226\"><a href=\"https:\/\/smartprosjekt.no\/?page_id=118\">Kontakt oss<\/a><\/li>\n<\/ul><\/nav>\t\t\t\t<\/div>\n\t\t\t\t<\/div>\n\t\t\t\t\t<\/div>\n\t\t<\/div>\n\t\t\t\t\t<\/div>\n\t\t<\/section>\n\t\t\t\t\t<\/div>\n\t\t<\/div>\n\t\t\t\t\t<\/div>\n\t\t<\/section>\n\t\t\t\t<section class=\"elementor-section elementor-top-section elementor-element elementor-element-xpgzcup elementor-section-height-min-height elementor-section-items-stretch elementor-section-content-middle elementor-section-boxed elementor-section-height-default\" data-id=\"xpgzcup\" data-element_type=\"section\" data-e-type=\"section\" data-settings=\"{&quot;background_background&quot;:&quot;none&quot;}\">\n\t\t\t\t\t\t\t<div class=\"elementor-background-overlay\"><\/div>\n\t\t\t\t\t\t\t<div class=\"elementor-container elementor-column-gap-default\">\n\t\t\t\t\t<div class=\"elementor-column elementor-col-100 elementor-top-column elementor-element elementor-element-qcyilwf\" data-id=\"qcyilwf\" data-element_type=\"column\" data-e-type=\"column\" data-settings=\"{&quot;background_background&quot;:&quot;classic&quot;}\">\n\t\t\t<div class=\"elementor-widget-wrap elementor-element-populated\">\n\t\t\t\t\t\t<div class=\"elementor-element elementor-element-864a0aa elementor-widget elementor-widget-image\" data-id=\"864a0aa\" data-element_type=\"widget\" data-e-type=\"widget\" data-widget_type=\"image.default\">\n\t\t\t\t<div class=\"elementor-widget-container\">\n\t\t\t\t\t\t\t\t\t\t\t\t\t\t\t<img decoding=\"async\" src=\"https:\/\/smartprosjekt.no\/wp-content\/uploads\/2021\/12\/SG_GULL_MORKBAKGRUNN.png\" title=\"SG_GULL_MORKBAKGRUNN\" alt=\"SG_GULL_MORKBAKGRUNN\" loading=\"lazy\" \/>\t\t\t\t\t\t\t\t\t\t\t\t\t\t\t<\/div>\n\t\t\t\t<\/div>\n\t\t\t\t<div class=\"elementor-element elementor-element-pawmuxk elementor-widget elementor-widget-heading\" data-id=\"pawmuxk\" data-element_type=\"widget\" data-e-type=\"widget\" data-widget_type=\"heading.default\">\n\t\t\t\t<div class=\"elementor-widget-container\">\n\t\t\t\t\t<h1 class=\"elementor-heading-title elementor-size-default\">OM OSS  <\/h1>\t\t\t\t<\/div>\n\t\t\t\t<\/div>\n\t\t\t\t<div class=\"elementor-element elementor-element-skfqptl elementor-widget elementor-widget-heading\" data-id=\"skfqptl\" data-element_type=\"widget\" data-e-type=\"widget\" data-widget_type=\"heading.default\">\n\t\t\t\t<div class=\"elementor-widget-container\">\n\t\t\t\t\t<div class=\"elementor-heading-title elementor-size-default\">Smart Prosjekt AS er en leverand\u00f8r som du kan stole p\u00e5, og som gj\u00f8r det lille ekstra for \u00e5 finne de smarte l\u00f8sningene.\nSelskapet ble stiftet i 2016 av Grzegorz Napierala. Grzegorz er utdannet snekker og har over 15 \u00e5rs erfaring fra byggeprosjekter i Norge.\nVi p\u00e5tar oss ditt prosjekt som hovedentrepren\u00f8r som gj\u00f8r at du har kun ett firma \u00e5 forholde deg til under byggeprosessen fra id\u00e9 til virkelighet.\n<\/div>\t\t\t\t<\/div>\n\t\t\t\t<\/div>\n\t\t\t\t\t<\/div>\n\t\t<\/div>\n\t\t\t\t\t<\/div>\n\t\t<\/section>\n\t\t\t\t<section class=\"elementor-section elementor-top-section elementor-element elementor-element-npzvsux elementor-section-boxed elementor-section-height-default elementor-section-height-default\" data-id=\"npzvsux\" data-element_type=\"section\" data-e-type=\"section\">\n\t\t\t\t\t\t<div class=\"elementor-container elementor-column-gap-no\">\n\t\t\t\t\t<div class=\"elementor-column elementor-col-50 elementor-top-column elementor-element elementor-element-hcsoibc\" data-id=\"hcsoibc\" data-element_type=\"column\" data-e-type=\"column\">\n\t\t\t<div class=\"elementor-widget-wrap elementor-element-populated\">\n\t\t\t\t\t\t<div class=\"elementor-element elementor-element-dugakdz elementor-widget elementor-widget-image\" data-id=\"dugakdz\" data-element_type=\"widget\" data-e-type=\"widget\" data-widget_type=\"image.default\">\n\t\t\t\t<div class=\"elementor-widget-container\">\n\t\t\t\t\t\t\t\t\t\t\t\t\t\t\t<img fetchpriority=\"high\" decoding=\"async\" width=\"634\" height=\"404\" src=\"https:\/\/smartprosjekt.no\/wp-content\/uploads\/2017\/06\/1-1.jpg\" class=\"attachment-full size-full wp-image-311\" alt=\"\" srcset=\"https:\/\/smartprosjekt.no\/wp-content\/uploads\/2017\/06\/1-1.jpg 634w, https:\/\/smartprosjekt.no\/wp-content\/uploads\/2017\/06\/1-1-300x191.jpg 300w\" sizes=\"100vw\" \/>\t\t\t\t\t\t\t\t\t\t\t\t\t\t\t<\/div>\n\t\t\t\t<\/div>\n\t\t\t\t\t<\/div>\n\t\t<\/div>\n\t\t\t\t<div class=\"elementor-column elementor-col-50 elementor-top-column elementor-element elementor-element-kumupdp\" data-id=\"kumupdp\" data-element_type=\"column\" data-e-type=\"column\">\n\t\t\t<div class=\"elementor-widget-wrap elementor-element-populated\">\n\t\t\t\t\t\t<section class=\"elementor-section elementor-inner-section elementor-element elementor-element-hhpayno elementor-section-full_width elementor-section-height-default elementor-section-height-default\" data-id=\"hhpayno\" data-element_type=\"section\" data-e-type=\"section\">\n\t\t\t\t\t\t<div class=\"elementor-container elementor-column-gap-default\">\n\t\t\t\t\t<div class=\"elementor-column elementor-col-100 elementor-inner-column elementor-element elementor-element-nhxveyw\" data-id=\"nhxveyw\" data-element_type=\"column\" data-e-type=\"column\">\n\t\t\t<div class=\"elementor-widget-wrap elementor-element-populated\">\n\t\t\t\t\t\t<div class=\"elementor-element elementor-element-qwthjaw elementor-widget elementor-widget-heading\" data-id=\"qwthjaw\" data-element_type=\"widget\" data-e-type=\"widget\" data-widget_type=\"heading.default\">\n\t\t\t\t<div class=\"elementor-widget-container\">\n\t\t\t\t\t<h2 class=\"elementor-heading-title elementor-size-default\">Smart Prosjekt AS utf\u00f8rer blant annet:<\/h2>\t\t\t\t<\/div>\n\t\t\t\t<\/div>\n\t\t\t\t<div class=\"elementor-element elementor-element-lkpjcpb elementor-widget elementor-widget-text-editor\" data-id=\"lkpjcpb\" data-element_type=\"widget\" data-e-type=\"widget\" data-widget_type=\"text-editor.default\">\n\t\t\t\t<div class=\"elementor-widget-container\">\n\t\t\t\t\t\t\t\t\t<ul><li>Oppussing og rehabilitering av leiligheter og boliger<\/li><li>P\u00e5bygg og tilbygg<\/li><li>Loftsutbygging<\/li><li>Utskifting av d\u00f8rer og vinduer<\/li><li>Fasade \u2013 terrasse \u2013 takarbeid<\/li><li>Renovasjon av baderom<\/li><\/ul>\t\t\t\t\t\t\t\t<\/div>\n\t\t\t\t<\/div>\n\t\t\t\t\t<\/div>\n\t\t<\/div>\n\t\t\t\t\t<\/div>\n\t\t<\/section>\n\t\t\t\t\t<\/div>\n\t\t<\/div>\n\t\t\t\t\t<\/div>\n\t\t<\/section>\n\t\t\t\t<section class=\"elementor-section elementor-top-section elementor-element elementor-element-tfmdknz elementor-section-height-min-height elementor-section-content-middle elementor-section-boxed elementor-section-height-default elementor-section-items-middle\" data-id=\"tfmdknz\" data-element_type=\"section\" data-e-type=\"section\">\n\t\t\t\t\t\t<div class=\"elementor-container elementor-column-gap-default\">\n\t\t\t\t\t<div class=\"elementor-column elementor-col-50 elementor-top-column elementor-element elementor-element-dpavdsr\" data-id=\"dpavdsr\" data-element_type=\"column\" data-e-type=\"column\">\n\t\t\t<div class=\"elementor-widget-wrap elementor-element-populated\">\n\t\t\t\t\t\t<section class=\"elementor-section elementor-inner-section elementor-element elementor-element-qdetswg elementor-section-full_width elementor-section-height-default elementor-section-height-default\" data-id=\"qdetswg\" data-element_type=\"section\" data-e-type=\"section\">\n\t\t\t\t\t\t<div class=\"elementor-container elementor-column-gap-default\">\n\t\t\t\t\t<div class=\"elementor-column elementor-col-100 elementor-inner-column elementor-element elementor-element-wkscsmf\" data-id=\"wkscsmf\" data-element_type=\"column\" data-e-type=\"column\">\n\t\t\t<div class=\"elementor-widget-wrap elementor-element-populated\">\n\t\t\t\t\t\t<div class=\"elementor-element elementor-element-fbgbszq elementor-widget elementor-widget-heading\" data-id=\"fbgbszq\" data-element_type=\"widget\" data-e-type=\"widget\" data-widget_type=\"heading.default\">\n\t\t\t\t<div class=\"elementor-widget-container\">\n\t\t\t\t\t<h2 class=\"elementor-heading-title elementor-size-default\">Smart Prosjekt AS har faste samarbeidspartnere i h\u00e5ndverksgrupper som:<\/h2>\t\t\t\t<\/div>\n\t\t\t\t<\/div>\n\t\t\t\t<div class=\"elementor-element elementor-element-tsvlksu elementor-widget elementor-widget-text-editor\" data-id=\"tsvlksu\" data-element_type=\"widget\" data-e-type=\"widget\" data-widget_type=\"text-editor.default\">\n\t\t\t\t<div class=\"elementor-widget-container\">\n\t\t\t\t\t\t\t\t\t<ul>\n<li>Bygg 1 Oslo AS<\/li>\n<li>Elektroinstallat\u00f8r Granberg og Nordengen AS<\/li><li>Ullev\u00e5l R\u00f8rservice AS<\/li>\n<li>Membranteknikk AS<\/li>\n<li><span style=\"font-family: var( --e-global-typography-text-font-family ), Sans-serif; font-weight: var( --e-global-typography-text-font-weight );\">H\u00e5gensen Blikkenslagerverksted AS<\/span><\/li><li><span style=\"font-family: var( --e-global-typography-text-font-family ), Sans-serif; font-weight: var( --e-global-typography-text-font-weight );\">Ingeni\u00f8r Einar Bj\u00f8rgen<\/span><br><\/li>\n<li>Oslo Glass &amp; Vindu AS<\/li>\n<\/ul>\t\t\t\t\t\t\t\t<\/div>\n\t\t\t\t<\/div>\n\t\t\t\t\t<\/div>\n\t\t<\/div>\n\t\t\t\t\t<\/div>\n\t\t<\/section>\n\t\t\t\t\t<\/div>\n\t\t<\/div>\n\t\t\t\t<div class=\"elementor-column elementor-col-50 elementor-top-column elementor-element elementor-element-avxqmns\" data-id=\"avxqmns\" data-element_type=\"column\" data-e-type=\"column\">\n\t\t\t<div class=\"elementor-widget-wrap elementor-element-populated\">\n\t\t\t\t\t\t<div class=\"elementor-element elementor-element-dcebcyb elementor-widget elementor-widget-image\" data-id=\"dcebcyb\" data-element_type=\"widget\" data-e-type=\"widget\" data-widget_type=\"image.default\">\n\t\t\t\t<div class=\"elementor-widget-container\">\n\t\t\t\t\t\t\t\t\t\t\t\t\t\t\t<img decoding=\"async\" width=\"634\" height=\"404\" src=\"https:\/\/smartprosjekt.no\/wp-content\/uploads\/2017\/06\/2-1.jpg\" class=\"attachment-full size-full wp-image-312\" alt=\"\" srcset=\"https:\/\/smartprosjekt.no\/wp-content\/uploads\/2017\/06\/2-1.jpg 634w, https:\/\/smartprosjekt.no\/wp-content\/uploads\/2017\/06\/2-1-300x191.jpg 300w\" sizes=\"100vw\" \/>\t\t\t\t\t\t\t\t\t\t\t\t\t\t\t<\/div>\n\t\t\t\t<\/div>\n\t\t\t\t\t<\/div>\n\t\t<\/div>\n\t\t\t\t\t<\/div>\n\t\t<\/section>\n\t\t\t\t<section class=\"elementor-section elementor-top-section elementor-element elementor-element-fv2gnj6 elementor-section-boxed elementor-section-height-default elementor-section-height-default\" data-id=\"fv2gnj6\" data-element_type=\"section\" data-e-type=\"section\">\n\t\t\t\t\t\t<div class=\"elementor-container elementor-column-gap-no\">\n\t\t\t\t\t<div class=\"elementor-column elementor-col-50 elementor-top-column elementor-element elementor-element-40xssm3\" data-id=\"40xssm3\" data-element_type=\"column\" data-e-type=\"column\">\n\t\t\t<div class=\"elementor-widget-wrap elementor-element-populated\">\n\t\t\t\t\t\t<div class=\"elementor-element elementor-element-79emjpq elementor-widget elementor-widget-image\" data-id=\"79emjpq\" data-element_type=\"widget\" data-e-type=\"widget\" data-widget_type=\"image.default\">\n\t\t\t\t<div class=\"elementor-widget-container\">\n\t\t\t\t\t\t\t\t\t\t\t\t\t\t\t<img loading=\"lazy\" decoding=\"async\" width=\"634\" height=\"404\" src=\"https:\/\/smartprosjekt.no\/wp-content\/uploads\/2017\/06\/3-1.jpg\" class=\"attachment-full size-full wp-image-313\" alt=\"\" srcset=\"https:\/\/smartprosjekt.no\/wp-content\/uploads\/2017\/06\/3-1.jpg 634w, https:\/\/smartprosjekt.no\/wp-content\/uploads\/2017\/06\/3-1-300x191.jpg 300w\" sizes=\"100vw\" \/>\t\t\t\t\t\t\t\t\t\t\t\t\t\t\t<\/div>\n\t\t\t\t<\/div>\n\t\t\t\t\t<\/div>\n\t\t<\/div>\n\t\t\t\t<div class=\"elementor-column elementor-col-50 elementor-top-column elementor-element elementor-element-xmv1wa4\" data-id=\"xmv1wa4\" data-element_type=\"column\" data-e-type=\"column\">\n\t\t\t<div class=\"elementor-widget-wrap elementor-element-populated\">\n\t\t\t\t\t\t<section class=\"elementor-section elementor-inner-section elementor-element elementor-element-y2wxdjq elementor-section-full_width elementor-section-height-default elementor-section-height-default\" data-id=\"y2wxdjq\" data-element_type=\"section\" data-e-type=\"section\">\n\t\t\t\t\t\t<div class=\"elementor-container elementor-column-gap-default\">\n\t\t\t\t\t<div class=\"elementor-column elementor-col-100 elementor-inner-column elementor-element elementor-element-wjm16d2\" data-id=\"wjm16d2\" data-element_type=\"column\" data-e-type=\"column\">\n\t\t\t<div class=\"elementor-widget-wrap elementor-element-populated\">\n\t\t\t\t\t\t<div class=\"elementor-element elementor-element-txfmcco elementor-widget elementor-widget-heading\" data-id=\"txfmcco\" data-element_type=\"widget\" data-e-type=\"widget\" data-widget_type=\"heading.default\">\n\t\t\t\t<div class=\"elementor-widget-container\">\n\t\t\t\t\t<h2 class=\"elementor-heading-title elementor-size-default\">Smart Prosjekt AS har f\u00f8lgende faste leverand\u00f8rer med gode innkj\u00f8psavtaler:<\/h2>\t\t\t\t<\/div>\n\t\t\t\t<\/div>\n\t\t\t\t<div class=\"elementor-element elementor-element-63bbmom elementor-widget elementor-widget-text-editor\" data-id=\"63bbmom\" data-element_type=\"widget\" data-e-type=\"widget\" data-widget_type=\"text-editor.default\">\n\t\t\t\t<div class=\"elementor-widget-container\">\n\t\t\t\t\t\t\t\t\t<ul><li>Thaugland<\/li><li>Einar Stange<\/li><li>Fagflis<\/li><li>Frysja Farvehandel<\/li><li>Sentrum bygg AS<\/li><\/ul>\t\t\t\t\t\t\t\t<\/div>\n\t\t\t\t<\/div>\n\t\t\t\t\t<\/div>\n\t\t<\/div>\n\t\t\t\t\t<\/div>\n\t\t<\/section>\n\t\t\t\t\t<\/div>\n\t\t<\/div>\n\t\t\t\t\t<\/div>\n\t\t<\/section>\n\t\t\t\t<section class=\"elementor-section elementor-top-section elementor-element elementor-element-bwfjula elementor-section-stretched elementor-section-boxed elementor-section-height-default elementor-section-height-default\" data-id=\"bwfjula\" data-element_type=\"section\" data-e-type=\"section\" data-settings=\"{&quot;stretch_section&quot;:&quot;section-stretched&quot;,&quot;background_background&quot;:&quot;classic&quot;}\">\n\t\t\t\t\t\t<div class=\"elementor-container elementor-column-gap-default\">\n\t\t\t\t\t<div class=\"elementor-column elementor-col-50 elementor-top-column elementor-element elementor-element-dojnpbs\" data-id=\"dojnpbs\" data-element_type=\"column\" data-e-type=\"column\">\n\t\t\t<div class=\"elementor-widget-wrap elementor-element-populated\">\n\t\t\t\t\t\t<div class=\"elementor-element elementor-element-urierip elementor-widget elementor-widget-image\" data-id=\"urierip\" data-element_type=\"widget\" data-e-type=\"widget\" data-widget_type=\"image.default\">\n\t\t\t\t<div class=\"elementor-widget-container\">\n\t\t\t\t\t\t\t\t\t\t\t\t\t\t\t<img loading=\"lazy\" decoding=\"async\" width=\"1\" height=\"1\" src=\"https:\/\/smartprosjekt.no\/wp-content\/uploads\/2017\/04\/footer-logo-2.svg\" class=\"attachment-full size-full wp-image-229\" alt=\"\" sizes=\"100vw\" \/>\t\t\t\t\t\t\t\t\t\t\t\t\t\t\t<\/div>\n\t\t\t\t<\/div>\n\t\t\t\t<div class=\"elementor-element elementor-element-ndbbrwg elementor-widget elementor-widget-text-editor\" data-id=\"ndbbrwg\" data-element_type=\"widget\" data-e-type=\"widget\" data-widget_type=\"text-editor.default\">\n\t\t\t\t<div class=\"elementor-widget-container\">\n\t\t\t\t\t\t\t\t\t<p>\u00a9 2017 All rights reserved.<\/p>\t\t\t\t\t\t\t\t<\/div>\n\t\t\t\t<\/div>\n\t\t\t\t\t<\/div>\n\t\t<\/div>\n\t\t\t\t<div class=\"elementor-column elementor-col-50 elementor-top-column elementor-element elementor-element-uefrdfm\" data-id=\"uefrdfm\" data-element_type=\"column\" data-e-type=\"column\">\n\t\t\t<div class=\"elementor-widget-wrap elementor-element-populated\">\n\t\t\t\t\t\t<div class=\"elementor-element elementor-element-7cd161a elementor-widget elementor-widget-image\" data-id=\"7cd161a\" data-element_type=\"widget\" data-e-type=\"widget\" data-widget_type=\"image.default\">\n\t\t\t\t<div class=\"elementor-widget-container\">\n\t\t\t\t\t\t\t\t\t\t\t\t\t\t\t<img loading=\"lazy\" decoding=\"async\" width=\"312\" height=\"335\" src=\"https:\/\/smartprosjekt.no\/wp-content\/uploads\/2021\/12\/SG_GULL_MORKBAKGRUNN.png\" class=\"attachment-large size-large wp-image-356\" alt=\"\" srcset=\"https:\/\/smartprosjekt.no\/wp-content\/uploads\/2021\/12\/SG_GULL_MORKBAKGRUNN.png 312w, https:\/\/smartprosjekt.no\/wp-content\/uploads\/2021\/12\/SG_GULL_MORKBAKGRUNN-279x300.png 279w\" sizes=\"100vw\" \/>\t\t\t\t\t\t\t\t\t\t\t\t\t\t\t<\/div>\n\t\t\t\t<\/div>\n\t\t\t\t\t<\/div>\n\t\t<\/div>\n\t\t\t\t\t<\/div>\n\t\t<\/section>\n\t\t\t\t<\/div>\n\t\t","protected":false},"excerpt":{"rendered":"<p>OM OSS Smart Prosjekt AS er en leverand\u00f8r som du kan stole p\u00e5, og som gj\u00f8r det lille ekstra for \u00e5 finne de smarte l\u00f8sningene. Selskapet ble stiftet i 2016 av Grzegorz Napierala. Grzegorz er utdannet snekker og har over 15 \u00e5rs erfaring fra byggeprosjekter i Norge. Vi p\u00e5tar oss ditt prosjekt som hovedentrepren\u00f8r som &hellip; <\/p>\n<p class=\"link-more\"><a href=\"https:\/\/smartprosjekt.no\/?page_id=231\" class=\"more-link\">Continue reading<span class=\"screen-reader-text\"> &#8220;Om oss&#8221;<\/span><\/a><\/p>\n","protected":false},"author":1,"featured_media":0,"parent":0,"menu_order":0,"comment_status":"closed","ping_status":"closed","template":"elementor_canvas","meta":{"inline_featured_image":false,"footnotes":""},"class_list":["post-231","page","type-page","status-publish","hentry"],"_links":{"self":[{"href":"https:\/\/smartprosjekt.no\/index.php?rest_route=\/wp\/v2\/pages\/231","targetHints":{"allow":["GET"]}}],"collection":[{"href":"https:\/\/smartprosjekt.no\/index.php?rest_route=\/wp\/v2\/pages"}],"about":[{"href":"https:\/\/smartprosjekt.no\/index.php?rest_route=\/wp\/v2\/types\/page"}],"author":[{"embeddable":true,"href":"https:\/\/smartprosjekt.no\/index.php?rest_route=\/wp\/v2\/users\/1"}],"replies":[{"embeddable":true,"href":"https:\/\/smartprosjekt.no\/index.php?rest_route=%2Fwp%2Fv2%2Fcomments&post=231"}],"version-history":[{"count":43,"href":"https:\/\/smartprosjekt.no\/index.php?rest_route=\/wp\/v2\/pages\/231\/revisions"}],"predecessor-version":[{"id":409,"href":"https:\/\/smartprosjekt.no\/index.php?rest_route=\/wp\/v2\/pages\/231\/revisions\/409"}],"wp:attachment":[{"href":"https:\/\/smartprosjekt.no\/index.php?rest_route=%2Fwp%2Fv2%2Fmedia&parent=231"}],"curies":[{"name":"wp","href":"https:\/\/api.w.org\/{rel}","templated":true}]}}